{"id":30872,"date":"2023-08-14T10:09:17","date_gmt":"2023-08-14T08:09:17","guid":{"rendered":"https:\/\/intothemirror.nl\/?page_id=30872"},"modified":"2026-02-26T16:30:37","modified_gmt":"2026-02-26T15:30:37","slug":"larp-introductieavontuur","status":"publish","type":"page","link":"https:\/\/intothemirror.nl\/en\/workshops\/larp-introductieavontuur\/","title":{"rendered":"Larp Introduction Adventure"},"content":{"rendered":"\n\n\t\t<ul>\n\t\t\t\t<li>\n\t\t\t<img decoding=\"async\" loading=\"false\" src=\"https:\/\/intothemirror.nl\/wp-content\/uploads\/Fantasy-Heroes6.webp\" alt=\"larpen wraith ring wraith Nazg\u00fbl dementor\" \/>\t\t\t\n\t\t\t\t<h1>FANTASY HEROES<\/h1>[larp introductieavontuur]<br \/>\nteambuilding, creatief, samen op ontdekkingsreis, outdoor\n\t\t<\/li>\n\t\t<\/ul>\n\t<span><span><a href=\"https:\/\/intothemirror.nl\/\">Home<\/a><\/span><\/span>\n<h3>Wat<\/h3>\n<p>Wil je \u00e8cht iets bijzonders beleven? Larpen voor beginners: ga als \u00e9\u00e9n team op avontuur in de wondere wereld van koning Oberon. Een schat, magie, een natuurlijk een prins(es)! Versla een blik boze monsters via rollenspel en heuse zwaardgevechten.<\/p>\n<p>Kortom, alle ingredi\u00ebnten voor een speciale immersieve ervaring in de wereld van Lord of the Rings en Game of Thrones.<\/p>\n<h3>Hoe<\/h3>\n<p>We zorgen ervoor dat iedereen mee kan doen in deze Larp games. In een uitgebreide workshop wordt naast zwaardvechten ook het improviseren in een rol geoefend.<\/p>\n<p>Tevens belooft het uitstekende gamedesign van deze Real Life Game dat iedereen er tijdens het avontuur wat in vindt: fysiek inspanning, creativiteit en interessante puzzels. Tot slot staan samenwerken en elkaar op een andere manier leren kennen centraal.<\/p>\n<p>E\u00e9n deel van de groep gaat tijdens het avontuur op pad als &#8216;avonturier&#8217;. Deze deelnemers spelen gedurende het hele avontuur \u00e9\u00e9n rol. Een ander deel gaat mee met de spelbegeleider als &#8216;figurant&#8217;. Zij zullen onder begeleiding van deze spelbegeleider, diverse kleine rollen spelen, o.a. met maskers.<\/p>\n<h3>Wie<\/h3>\n<p>Dienstverlenende teams die een teambuildingsactiviteit zoeken voor hun teamdag of heisessie. Organisatoren van vrijgezellenfeesten en vriendenuitjes gaan naar <a href=\"https:\/\/larpen.nl\/\">larpen.nl<\/a>.<\/p>\n\t\t\t\t<p>&#8220;Larp als werkvorm is de ultieme Immersive Experience (IX): door je emotioneel te raken, blijft deze herinnering bij je.&#8221;<\/p>\n<h2>\n\t\t\tSamengevat\t<\/h2>\n\t<div class=\"fl-button-wrap fl-button-width-auto fl-button-left\"><a class=\"fl-button\" href=\"\/offerte-aanvragen\/?wks=Larp Introductieavontuur\" >OFFERTE AANVRAGEN<\/a><\/div>\n\t\t<h2>Gezocht! Dappere avonturiers<\/h2><p><em>Dwergenkoning Oberon is zijn schat kwijt! Binnenkort gaat zijn zoon prins Valiant trouwen met de beeldschone prinses Fiona. Maar als er geen bruidsschat is, dan gaat het hele feest niet door. Welke dappere krijgers, spoorzoekers en tovenaars helpen Oberon zijn schat terug te veroveren op zijn aartsvijand Mordred?<\/em><\/p>\n\t\t\t\t\t\t\t\t\t<img loading=\"lazy\" decoding=\"async\" src=\"https:\/\/intothemirror.nl\/wp-content\/uploads\/FH23.webp\" alt=\"FH23\" itemprop=\"image\" height=\"576\" width=\"1024\" srcset=\"https:\/\/intothemirror.nl\/wp-content\/uploads\/FH23.webp 1024w, https:\/\/intothemirror.nl\/wp-content\/uploads\/FH23-300x169.webp 300w, https:\/\/intothemirror.nl\/wp-content\/uploads\/FH23-768x432.webp 768w, https:\/\/intothemirror.nl\/wp-content\/uploads\/FH23-18x10.webp 18w\" sizes=\"auto, (max-width: 1024px) 100vw, 1024px\" title=\"FH23\" onerror=\"this.style.display='none'\"  \/>\n\t<div class=\"fl-button-wrap fl-button-width-auto fl-button-left\"><a class=\"fl-button\" href=\"\/offerte-aanvragen\/?wks=Larp Introductieavontuur\" >OFFERTE AANVRAGEN<\/a><\/div>\n\t<h2>&#8216;Fantasy Heroes&#8217; als teambuilding<\/h2>\n<p>Organisaties die kiezen om te Larpen zijn in veel gevallen op zoek naar een ludieke outdoor teambuildingsactiviteit waarin samenwerking en omgaan met het onbekende centraal staan.<\/p>\n\t<a href=\"#\" id=\"trigger-\" role=\"button\" data-modal=\"\" data-node=\"\">\n\t\t\t\t\t\t\t\t\tTHE LEARNING ZONE MODEL\n\t\t\t\t\t\t\t\t\t\t\t\t<\/a>\n\t\t\t\t\t\tPreview\n\t\t\tmodal-\n\t\t\t\t\t\t\t\t\t\t\t<h4 id=\"modal-title-\">THE LEARNING ZONE MODEL<\/h4>\t\t\t\t\t\t\t\t\t\t\t\t\t\t\t\t\n\t\t\t\t\t\t<p><img loading=\"lazy\" decoding=\"async\" src=\"https:\/\/intothemirror.nl\/wp-content\/uploads\/1752365243366.jpeg\" alt=\"\" width=\"800\" height=\"786\" \/><\/p>\n<p>De comfortzone: waar wat je doet routine en vertrouwd is.<\/p>\n<p>De leerzone (of groeizone): waar je experimenteert, vaardigheden ontwikkelt en je capaciteiten oprekt.<\/p>\n<p>De angstzone: waar je iets moet leren dat je kennis ver te boven gaat, waardoor je je overweldigd en in paniek voelt.<\/p>\n\t<p>Andere leerervaringen zijn onderhandelen en creativiteit. Ook wordt het probleemoplossend vermogen aangesproken om de uitdagingen die in de missie aanwezig zijn succesvol aan te gaan.<\/p>\n\t<iframe allowfullscreen allow=\"autoplay\" data-src=\"https:\/\/www.youtube-nocookie.com\/embed\/fbXy62uNskk?feature=oembed&amp;playlist=fbXy62uNskk&amp;start&amp;end&amp;wmode=opaque&amp;loop=1&amp;controls=1&amp;mute=0&amp;rel=0&amp;modestbranding=0\"><\/iframe>\t\t\n\t\t\t\t\tPlay Video\n\t<h2>Praktisch<\/h2>\n<p>Het Larp Introductieavontuur &#8216;Fantasy Heroes&#8217; is in beginsel een <strong>outdoor<\/strong> teambuilding game, die plaatsvindt in een bos. Het spel vindt in principe altijd doorgang, ook als het regent. Het is nu ook mogelijk om de gehele game als <strong>indoor<\/strong> ervaring te boeken. Het bos wordt dan vervangen door sfeervolle muziek en belichting.<\/p>\n<h3>Standaard locatie<\/h3>\n<p>Standaard laten we het avontuur plaatsvinden in het bos van Landgoed Zonheuvel te Doorn. Je kunt een binnenruimte erbij huren waar de workshops kunnen plaatsvinden als je nat weer verwacht. Kies dan voor De Luxe versie van Fantasy Heroes.<\/p>\n<p>Landgoed Zonheuvel biedt de mogelijkheid om na afloop gebruik te maken van een BBQ, 2- of 3-gangendiner in het restaurant van het landgoed. Wil je daar gebruik van maken, kies dan voor een van de twee arrangementen.<\/p>\n<h3>Andere locatie<\/h3>\n<p>Wij kunnen de Larp ook bij jou in de buurt organiseren. Voorwaarden zijn een ruimte voor de workshops (binnen of buiten) en een bos van minimaal 2 hectare met toestemming van de eigenaar om daar te mogen spelen. Dit gaat in overleg. Zo kun je Larpen in Utrecht, Amsterdam, Noord-Holland, Zuid-Holland, Gelderland, Limburg, Noord-Brabant of zelfs Ardennen.<\/p>\n\t\t\t\t<h2>Zij zijn voor jou door de spiegel gegaan<\/h2>\n\t\t\t\t\t\t\t\t\t\t<p>Het LARP avontuur is zeer goed voor beginners (zoals ik). Carel is zeer enthousiast en dat is erg aanstekelijk. Hij legt goed uit wat LARP nu inhoud en ook een stukje geschiedenis plus anekdotes geven een zeer goed beeld van LARP. Ik heb zeer genoten van de dag en ben blij dat ik het op deze manier heb kunnen ervaren.<\/p>\n\t\t\t\t\t\t\t\t\t<h3>Sjaak<\/h3>\n\t\t\t\t\t\t\t\t\t\t<p>Ondanks het feit dat ik geen geboren LARPer ben vond ik het een erg leuke ervaring!<br \/>Ik heb dankzij Carel een mooi beeld van LARP gekregen en ik vond het vooral leuk om eens out-of-the-box te gaan!<\/p>\n\t\t\t\t\t\t\t\t\t<h3>Peter<\/h3>\n\t\t\t\t\t\t\t\t\t\t<p>Een goede en leuke LARP introductie met een ongedwongen en vrije sfeer. Carel weet veel van het spel en geeft goede begeleiding. Na een middag heb je wel een goed idee of LARP iets voor je is. En anders kan je het in ieder geval van je bucketlist afstrepen. Bedankt, Carel!<\/p>\n\t\t\t\t\t\t\t\t\t<h3>Lies &#038; Daan<\/h3>\n\t\t\t\t\t\t\t\t\t\t<p>Met zijn 22en voor een vrijgezellenfeest deze workshop gedaan. Naast dat het leerzaam is, hebben we ook zo verschrikkelijk veel moeten lachen. Aanrader! Top kostuums, Carel doet het super en past zich goed aan het niveau van de groep aan<\/p>\n\t\t\t\t\t\t\t\t\t<h3>Kiki<\/h3>\n\t\t\t\t\t\t\t\t\t\t<p>Was echt ge-wel-dig! Carel is mega-enthousiast en weet iedereen mee te krijgen in het spel. Mocht je met een groep op stap gaan en op zoek naar een leuke activiteit? Zoek niet langer! Echt heel erg leuk en weer eens wat totaal anders. Gaat dat meemaken!<\/p>\n\t\t\t\t\t\t\t\t\t<h3>Robert<\/h3>\n\t\t\t\t\t\t\t\t\t\t<p>Heel erg leuk, voor zowel mensen die geheel nieuw zijn in fantasy roleplaying als voor ervaren rotten. De workshops van tevoren zitten heel goed in elkaar en zorgen er echt voor dat iedereen goed in het spel komt. Aanrader!<\/p>\n\t\t\t\t\t\t\t\t\t<h3>Jacob<\/h3>\n\t\t\t\t\t\t\t\t\t\t<p>Nogmaals dank voor de leuke sessie. We hebben hard gelachen en genoten. Wellicht tot in de toekomst! Ik heb je adres al aan een andere groep door gegeven dus wie weet eerder dan later ;).<\/p>\n\t\t\t\t\t\t\t\t\t<h3>Jochem<\/h3>\n\t\t\t\t\t\t\t\t\t\t<p>We hebben onder leiding van Carel een fantastische middag gehad. De opbouw was perfect met het zwaardvechten en een rollenspel. De uiteindelijke real-life game zorgden bij iedereen voor veel plezier en was tof voor alle niveau&#8217;s. Van iemand met down in de groep tot de vrijgezel die al enige ervaring had. Zeker een aanrader!<\/p>\n\t\t\t\t\t\t\t\t\t<h3>Menno<\/h3>\n\t\t\t\t\t\t\t\t\t\t<p>We hebben gelarpt in Doorn met z&#8217;n 22e voor een vrijgezellenfeest. Nogmaals bedankt voor de fantastische middag!<\/p>\n\t\t\t\t\t\t\t\t\t<h3>Teresa<\/h3>\n\t\t\t\t\t\t\t\t\t\t<p>Met een groep van 14 geLARPt bij Landgoed Zonheuvel in Doorn, geen van allen LARPervaring. Hilarische ervaring, perfect begeleid door Carel. Zowel de spelers met een vaste rol als de figuranten hebben het naar hun zin gehad. Heel tevreden!<\/p>\n\t\t\t\t\t\t\t\t\t<h3>Lisanne<\/h3>\n\t\t\t\t\t\t\t\t\t\t<p>We hebben afgelopen weekend met een groot gezelschap mogen LARPen in Limburg. Het was een leuke activiteit waarbij iedereen door de context in het verhaal werd gezogen. Lekker buiten in het bos, actief en speels. De attributen maakten het ook helemaal af! Aan te raden voor iedereen die op zoek is naar een originele groepsactiviteit.<\/p>\n\t\t\t\t\t\t\t\t\t<h3>Waldo<\/h3>\n\t\t\t\t\t\t\t\t\t\t<p>Met z&#8217;n 13en gelarpt voor een vrijgezellenfeest. Niemand had het eerder gedaan, maar iedereen heeft er ontzettend van genoten. Zelfs het kwartiertje regen kon de pret niet drukken. Zit goed in elkaar, leuk voor iedereen en heel goede begeleiding. Dit was top!<\/p>\n\t\t\t\t\t\t\t\t\t<h3>Harm-Jan<\/h3>\n\t\t\t\t\t\t\t\t\t\t<p>Afgelopen weekend hebben wij voor een vrijgezellenfeest met 10 meiden gelarpt. Het was een topmiddag. De begeleiding was professioneel, goed verzorgd en op een hele mooie locatie. We hebben zoveel gelachen, een onvergetelijke dag! Bedankt!<\/p>\n\t\t\t\t\t\t\t\t\t<h3>Jasmijn<\/h3>\n\t\t\t\t\t\t\t\t\t\t<p>Ik sluit mij aan bij de fanclub, zeer professioneel voorbereid en uitgevoerd, met oog voor de diversiteit van de groep, goed materiaal en een leuk verhaal! De kans is zeer aanwezig dat ik nog eens aanklop voor een sessie met een andere groep!<\/p>\n\t\t\t\t\t\t\t\t\t<h3>Niels<\/h3>\n\t\t\t\t\t\t\t\t\t\t<p>Als vrijgezellenfeest gelarpt met 12 vrouwen. Carel is super flexibel waardoor hij naar ons toe kwam. Hij steekt ook de sceptici aan met zijn enthousiasme. Het was een leuke middag!<\/p>\n\t\t\t\t\t\t\t\t\t<h3>Eef<\/h3>\n\t\t\t\t\t\t\t\t\t\t<p>Wat een geweldige middag hebben wij gehad met de Larp! De Larp is knap opgezet en bevat ook leuke puzzels. Carel heeft de Larp heel enthousiast en kundig begeleid. Veel dank!<\/p>\n\t\t\t\t\t\t\t\t\t<h3>Ida<\/h3>\n\t\t\t\t\t\t\t\t\t\t<p>Afgelopen weekend hebben wij voor een vrijgezellenfeest met Carel gelarpt. Een topervaring! Goed georganiseerd, origineel en Carel is een waanzinnig goede gastheer. Wij waren zeer enthousiast &#8211; zelfs de niet-fantasy liefhebbers waren aan het eind van de dag om. Dank!<\/p>\n\t\t\t\t\t\t\t\t\t<h3>Max<\/h3>\n\t\t\t\t\t\t\t\t\t\t<p>Een unieke en prachtige dag; geweldig opgezet. Indien deze op je &#8216;bucket-list&#8217; staat, zeker aan te raden.<\/p>\n\t\t\t\t\t\t\t\t\t<h3>Justin<\/h3>\n\t\t\t\t\t\t\t\t\t\t<p>Wij hebben het geweldig naar ons zin gehad tijdens de workshop! We hadden een vrijgezellenfeest met 16 man. Het was een geweldige manier om de sfeer er goed in te krijgen voor de dag! Ik liep heerlijk buiten mijn comfort zone als elf door het bos waar ik tegen verschillende monsters vocht met een zwaard. Wat hebben we gelachen! Bedankt Carel!<\/p>\n\t\t\t\t\t\t\t\t\t<h3>Maarten<\/h3>\n\t\t\t\t\t\t\t\t\t\t<p>Carel is een erg fijne spelleider, goede de schrijver van plots, en ervaren roleplayer. Hij is creatief heeft humor en communiceert duidelijk. Een kennismaking met larp onder zijn leiding zou ik zeker aanbevelen. Ook erg leuk als bijvoorbeeld vrijgezellenfeest en leuk en nuttig voor teambuilding.<\/p>\n\t\t\t\t\t\t\t\t\t<h3>Youandi<\/h3>\n\t\t\t\t<!-- \/.pp-testimonials -->\n\n","protected":false},"excerpt":{"rendered":"<p>Als een team op avontuur in een fantasy werkelijkheid: beleef bijzondere situaties waar niet alleen woorden, maar ook magie of een gevecht een uitweg bieden.<\/p>","protected":false},"author":2,"featured_media":0,"parent":5882,"menu_order":0,"comment_status":"closed","ping_status":"closed","template":"","meta":{"_acf_changed":false,"inline_featured_image":false,"footnotes":""},"class_list":["post-30872","page","type-page","status-publish","hentry"],"acf":[],"yoast_head":"<!-- This site is optimized with the Yoast SEO plugin v27.3 - https:\/\/yoast.com\/product\/yoast-seo-wordpress\/ -->\n<title>Probeer zelf nu: Larp introductieavontuur<\/title>\n<meta name=\"description\" content=\"Larp Introductieavontuur: maak kennis met Larpen. Met een gedegen introductie en sterk game design. Een unieke en top vriendenuitje.\" \/>\n<meta name=\"robots\" content=\"index, follow, max-snippet:-1, max-image-preview:large, max-video-preview:-1\" \/>\n<link rel=\"canonical\" href=\"https:\/\/intothemirror.nl\/en\/workshops\/larp-introductieavontuur\/\" \/>\n<meta property=\"og:locale\" content=\"en_US\" \/>\n<meta property=\"og:type\" content=\"article\" \/>\n<meta property=\"og:title\" content=\"Probeer zelf nu: Larp introductieavontuur\" \/>\n<meta property=\"og:description\" content=\"Larp Introductieavontuur: maak kennis met Larpen. Met een gedegen introductie en sterk game design. Een unieke en top vriendenuitje.\" \/>\n<meta property=\"og:url\" content=\"https:\/\/intothemirror.nl\/en\/workshops\/larp-introductieavontuur\/\" \/>\n<meta property=\"og:site_name\" content=\"IntoTheMirror\" \/>\n<meta property=\"article:publisher\" content=\"https:\/\/www.facebook.com\/Intothemirror-462165977306486\/\" \/>\n<meta property=\"article:modified_time\" content=\"2026-02-26T15:30:37+00:00\" \/>\n<meta property=\"og:image\" content=\"https:\/\/intothemirror.nl\/wp-content\/uploads\/Fantasy-Heroes6.webp\" \/>\n<meta name=\"twitter:card\" content=\"summary_large_image\" \/>\n<meta name=\"twitter:label1\" content=\"Est. reading time\" \/>\n\t<meta name=\"twitter:data1\" content=\"7 minutes\" \/>\n<script type=\"application\/ld+json\" class=\"yoast-schema-graph\">{\"@context\":\"https:\\\/\\\/schema.org\",\"@graph\":[{\"@type\":\"WebPage\",\"@id\":\"https:\\\/\\\/intothemirror.nl\\\/workshops\\\/larp-introductieavontuur\\\/\",\"url\":\"https:\\\/\\\/intothemirror.nl\\\/workshops\\\/larp-introductieavontuur\\\/\",\"name\":\"Probeer zelf nu: Larp introductieavontuur\",\"isPartOf\":{\"@id\":\"https:\\\/\\\/intothemirror.nl\\\/#website\"},\"primaryImageOfPage\":{\"@id\":\"https:\\\/\\\/intothemirror.nl\\\/workshops\\\/larp-introductieavontuur\\\/#primaryimage\"},\"image\":{\"@id\":\"https:\\\/\\\/intothemirror.nl\\\/workshops\\\/larp-introductieavontuur\\\/#primaryimage\"},\"thumbnailUrl\":\"https:\\\/\\\/intothemirror.nl\\\/wp-content\\\/uploads\\\/Fantasy-Heroes6.webp\",\"datePublished\":\"2023-08-14T08:09:17+00:00\",\"dateModified\":\"2026-02-26T15:30:37+00:00\",\"description\":\"Larp Introductieavontuur: maak kennis met Larpen. Met een gedegen introductie en sterk game design. Een unieke en top vriendenuitje.\",\"breadcrumb\":{\"@id\":\"https:\\\/\\\/intothemirror.nl\\\/workshops\\\/larp-introductieavontuur\\\/#breadcrumb\"},\"inLanguage\":\"en-US\",\"potentialAction\":[{\"@type\":\"ReadAction\",\"target\":[\"https:\\\/\\\/intothemirror.nl\\\/workshops\\\/larp-introductieavontuur\\\/\"]}]},{\"@type\":\"ImageObject\",\"inLanguage\":\"en-US\",\"@id\":\"https:\\\/\\\/intothemirror.nl\\\/workshops\\\/larp-introductieavontuur\\\/#primaryimage\",\"url\":\"https:\\\/\\\/intothemirror.nl\\\/wp-content\\\/uploads\\\/Fantasy-Heroes6.webp\",\"contentUrl\":\"https:\\\/\\\/intothemirror.nl\\\/wp-content\\\/uploads\\\/Fantasy-Heroes6.webp\"},{\"@type\":\"BreadcrumbList\",\"@id\":\"https:\\\/\\\/intothemirror.nl\\\/workshops\\\/larp-introductieavontuur\\\/#breadcrumb\",\"itemListElement\":[{\"@type\":\"ListItem\",\"position\":1,\"name\":\"Home\",\"item\":\"https:\\\/\\\/intothemirror.nl\\\/\"},{\"@type\":\"ListItem\",\"position\":2,\"name\":\"Aanbod real life games\",\"item\":\"https:\\\/\\\/intothemirror.nl\\\/workshops\\\/\"},{\"@type\":\"ListItem\",\"position\":3,\"name\":\"Larp Introductieavontuur\"}]},{\"@type\":\"WebSite\",\"@id\":\"https:\\\/\\\/intothemirror.nl\\\/#website\",\"url\":\"https:\\\/\\\/intothemirror.nl\\\/\",\"name\":\"IntoTheMirror\",\"description\":\"Teambuilding &amp; Real Life Gaming\",\"publisher\":{\"@id\":\"https:\\\/\\\/intothemirror.nl\\\/#organization\"},\"potentialAction\":[{\"@type\":\"SearchAction\",\"target\":{\"@type\":\"EntryPoint\",\"urlTemplate\":\"https:\\\/\\\/intothemirror.nl\\\/?s={search_term_string}\"},\"query-input\":{\"@type\":\"PropertyValueSpecification\",\"valueRequired\":true,\"valueName\":\"search_term_string\"}}],\"inLanguage\":\"en-US\"},{\"@type\":\"Organization\",\"@id\":\"https:\\\/\\\/intothemirror.nl\\\/#organization\",\"name\":\"IntoTheMirror\",\"url\":\"https:\\\/\\\/intothemirror.nl\\\/\",\"logo\":{\"@type\":\"ImageObject\",\"inLanguage\":\"en-US\",\"@id\":\"https:\\\/\\\/intothemirror.nl\\\/#\\\/schema\\\/logo\\\/image\\\/\",\"url\":\"https:\\\/\\\/intothemirror.nl\\\/wp-content\\\/uploads\\\/Logo-ITM-v0.4.png\",\"contentUrl\":\"https:\\\/\\\/intothemirror.nl\\\/wp-content\\\/uploads\\\/Logo-ITM-v0.4.png\",\"width\":1383,\"height\":404,\"caption\":\"IntoTheMirror\"},\"image\":{\"@id\":\"https:\\\/\\\/intothemirror.nl\\\/#\\\/schema\\\/logo\\\/image\\\/\"},\"sameAs\":[\"https:\\\/\\\/www.facebook.com\\\/Intothemirror-462165977306486\\\/\",\"https:\\\/\\\/www.linkedin.com\\\/company\\\/27026452\"]}]}<\/script>\n<!-- \/ Yoast SEO plugin. -->","yoast_head_json":{"title":"Try for yourself now: Larp introduction adventure","description":"Larp Introduction Adventure: get to know Larpen. With a thorough introduction and strong game design. A unique and top outing for friends.","robots":{"index":"index","follow":"follow","max-snippet":"max-snippet:-1","max-image-preview":"max-image-preview:large","max-video-preview":"max-video-preview:-1"},"canonical":"https:\/\/intothemirror.nl\/en\/workshops\/larp-introductieavontuur\/","og_locale":"en_US","og_type":"article","og_title":"Probeer zelf nu: Larp introductieavontuur","og_description":"Larp Introductieavontuur: maak kennis met Larpen. Met een gedegen introductie en sterk game design. Een unieke en top vriendenuitje.","og_url":"https:\/\/intothemirror.nl\/en\/workshops\/larp-introductieavontuur\/","og_site_name":"IntoTheMirror","article_publisher":"https:\/\/www.facebook.com\/Intothemirror-462165977306486\/","article_modified_time":"2026-02-26T15:30:37+00:00","og_image":[{"url":"https:\/\/intothemirror.nl\/wp-content\/uploads\/Fantasy-Heroes6.webp","type":"","width":"","height":""}],"twitter_card":"summary_large_image","twitter_misc":{"Est. reading time":"7 minutes"},"schema":{"@context":"https:\/\/schema.org","@graph":[{"@type":"WebPage","@id":"https:\/\/intothemirror.nl\/workshops\/larp-introductieavontuur\/","url":"https:\/\/intothemirror.nl\/workshops\/larp-introductieavontuur\/","name":"Try for yourself now: Larp introduction adventure","isPartOf":{"@id":"https:\/\/intothemirror.nl\/#website"},"primaryImageOfPage":{"@id":"https:\/\/intothemirror.nl\/workshops\/larp-introductieavontuur\/#primaryimage"},"image":{"@id":"https:\/\/intothemirror.nl\/workshops\/larp-introductieavontuur\/#primaryimage"},"thumbnailUrl":"https:\/\/intothemirror.nl\/wp-content\/uploads\/Fantasy-Heroes6.webp","datePublished":"2023-08-14T08:09:17+00:00","dateModified":"2026-02-26T15:30:37+00:00","description":"Larp Introduction Adventure: get to know Larpen. With a thorough introduction and strong game design. A unique and top outing for friends.","breadcrumb":{"@id":"https:\/\/intothemirror.nl\/workshops\/larp-introductieavontuur\/#breadcrumb"},"inLanguage":"en-US","potentialAction":[{"@type":"ReadAction","target":["https:\/\/intothemirror.nl\/workshops\/larp-introductieavontuur\/"]}]},{"@type":"ImageObject","inLanguage":"en-US","@id":"https:\/\/intothemirror.nl\/workshops\/larp-introductieavontuur\/#primaryimage","url":"https:\/\/intothemirror.nl\/wp-content\/uploads\/Fantasy-Heroes6.webp","contentUrl":"https:\/\/intothemirror.nl\/wp-content\/uploads\/Fantasy-Heroes6.webp"},{"@type":"BreadcrumbList","@id":"https:\/\/intothemirror.nl\/workshops\/larp-introductieavontuur\/#breadcrumb","itemListElement":[{"@type":"ListItem","position":1,"name":"Home","item":"https:\/\/intothemirror.nl\/"},{"@type":"ListItem","position":2,"name":"Aanbod real life games","item":"https:\/\/intothemirror.nl\/workshops\/"},{"@type":"ListItem","position":3,"name":"Larp Introductieavontuur"}]},{"@type":"WebSite","@id":"https:\/\/intothemirror.nl\/#website","url":"https:\/\/intothemirror.nl\/","name":"IntoTheMirror","description":"Teambuilding &amp; Real Life Gaming","publisher":{"@id":"https:\/\/intothemirror.nl\/#organization"},"potentialAction":[{"@type":"SearchAction","target":{"@type":"EntryPoint","urlTemplate":"https:\/\/intothemirror.nl\/?s={search_term_string}"},"query-input":{"@type":"PropertyValueSpecification","valueRequired":true,"valueName":"search_term_string"}}],"inLanguage":"en-US"},{"@type":"Organization","@id":"https:\/\/intothemirror.nl\/#organization","name":"IntoTheMirror","url":"https:\/\/intothemirror.nl\/","logo":{"@type":"ImageObject","inLanguage":"en-US","@id":"https:\/\/intothemirror.nl\/#\/schema\/logo\/image\/","url":"https:\/\/intothemirror.nl\/wp-content\/uploads\/Logo-ITM-v0.4.png","contentUrl":"https:\/\/intothemirror.nl\/wp-content\/uploads\/Logo-ITM-v0.4.png","width":1383,"height":404,"caption":"IntoTheMirror"},"image":{"@id":"https:\/\/intothemirror.nl\/#\/schema\/logo\/image\/"},"sameAs":["https:\/\/www.facebook.com\/Intothemirror-462165977306486\/","https:\/\/www.linkedin.com\/company\/27026452"]}]}},"_links":{"self":[{"href":"https:\/\/intothemirror.nl\/en\/wp-json\/wp\/v2\/pages\/30872","targetHints":{"allow":["GET"]}}],"collection":[{"href":"https:\/\/intothemirror.nl\/en\/wp-json\/wp\/v2\/pages"}],"about":[{"href":"https:\/\/intothemirror.nl\/en\/wp-json\/wp\/v2\/types\/page"}],"author":[{"embeddable":true,"href":"https:\/\/intothemirror.nl\/en\/wp-json\/wp\/v2\/users\/2"}],"replies":[{"embeddable":true,"href":"https:\/\/intothemirror.nl\/en\/wp-json\/wp\/v2\/comments?post=30872"}],"version-history":[{"count":6,"href":"https:\/\/intothemirror.nl\/en\/wp-json\/wp\/v2\/pages\/30872\/revisions"}],"predecessor-version":[{"id":33209,"href":"https:\/\/intothemirror.nl\/en\/wp-json\/wp\/v2\/pages\/30872\/revisions\/33209"}],"up":[{"embeddable":true,"href":"https:\/\/intothemirror.nl\/en\/wp-json\/wp\/v2\/pages\/5882"}],"wp:attachment":[{"href":"https:\/\/intothemirror.nl\/en\/wp-json\/wp\/v2\/media?parent=30872"}],"curies":[{"name":"wp","href":"https:\/\/api.w.org\/{rel}","templated":true}]}}